{"id":3251,"date":"2020-08-15T17:21:10","date_gmt":"2020-08-15T17:21:10","guid":{"rendered":"http:\/\/cschnell.de\/?page_id=3251"},"modified":"2022-03-16T18:38:08","modified_gmt":"2022-03-16T18:38:08","slug":"whois1","status":"publish","type":"page","link":"http:\/\/cschnell.de\/?page_id=3251","title":{"rendered":"Whois"},"content":{"rendered":"\t\t<div data-elementor-type=\"wp-page\" data-elementor-id=\"3251\" class=\"elementor elementor-3251\">\n\t\t\t\t\t\t<div class=\"elementor-inner\">\n\t\t\t\t<div class=\"elementor-section-wrap\">\n\t\t\t\t\t\t\t\t\t<section class=\"elementor-section elementor-top-section elementor-element elementor-element-8f99392 elementor-section-boxed elementor-section-height-default elementor-section-height-default\" data-id=\"8f99392\" data-element_type=\"section\">\n\t\t\t\t\t\t<div class=\"elementor-container elementor-column-gap-default\">\n\t\t\t\t\t\t\t<div class=\"elementor-row\">\n\t\t\t\t\t<div class=\"elementor-column elementor-col-66 elementor-top-column elementor-element elementor-element-c90e084\" data-id=\"c90e084\" data-element_type=\"column\">\n\t\t\t<div class=\"elementor-column-wrap elementor-element-populated\">\n\t\t\t\t\t\t\t<div class=\"elementor-widget-wrap\">\n\t\t\t\t\t\t<div class=\"elementor-element elementor-element-bef5014 elementor-widget elementor-widget-text-editor\" data-id=\"bef5014\" data-element_type=\"widget\" data-widget_type=\"text-editor.default\">\n\t\t\t\t<div class=\"elementor-widget-container\">\n\t\t\t\t\t\t\t\t<div class=\"elementor-text-editor elementor-clearfix\">\n\t\t\t\t<p><\/p>\n<p style=\"text-align: left;\">Christian Schnell &#8211; Buying Agency&nbsp;&nbsp;<\/p>\n<p>Eine Buying Agency wird normalerweise von Import &#8211; Export Firmen eingesetzt um vor Ort Qualit\u00e4ten zu pr\u00fcfen, Konditionen zu verhandeln oder neue Gesch\u00e4ftsfelder zu erschliessen. Ein kommunikativer Job.<\/p>\n<p>F\u00fcr mich wurde diese Bezeichnung relevant als ich 2013 in Fortaleza eine Pousada betreute und einen deutschen Gesch\u00e4ftsmann kennenlernte mit dem ich Recherchen zu Carnauba &#8211; Wachs anstellte und die Kontakte zu den<span style=\"font-family: Roboto, sans-serif; font-size: 18px; font-style: normal; font-variant-ligatures: normal; font-variant-caps: normal; font-weight: 400;\">&nbsp;<\/span>Firmen in der Region vorbereitete. Sp\u00e4ter transportierte ich hochwertige Industriekomponenten f\u00fcr die Textilbranche nach Brasilien. So wurde ich Buying Agent. Genau genommen kann ich auch alle anderen T\u00e4tigkeiten nach meinem Austritt 2004 aus dem Chronos &#8211; System der deutschen Bank, dem ich 5 Jahre angeh\u00f6rte, unter diesem Begriff anordnen, die Arbeit als Freelancer mit Immobilien in Berlin und Ausstellungen mit Arbeiten von brasilianischen Strassenk\u00fcnstlern.<\/p>\n<p>So fand ich einen passenden Terminus f\u00fcr meine Neugier und die Lust auf Bewegung. Ein Agent kommt viel rum und guckt sich alles an, ich f\u00fchlte mich wie ein moderner Trapper in den staubigen Industriebairros, die Produkte machten mich nicht reich aber finanzierten die gesamten teilweise bis zu 3-monatigen Aufenthalte in verschiedenen St\u00e4dten von Belo Horizonte bis Porto Alegre.&nbsp;<\/p>\n<p>2017 entschloss ich mich, den Daueraufenthalt in Paraguay zu beantragen. Ich kannte Paraguay nicht, entscheidend hier war die unkomplizierte Administration. Ich empfand es als zwingend notwendig einen zweiten offiziellen Rechtsstatus in einem s\u00fcdamerikanischem Land als Alternative zu haben bei der grenzwertigen gesellschaftlichen Entwicklung Deutschlands.<\/p>\n<p>Also warum keine Cedula.&nbsp;<\/p>\n<p>Nun, ich lebe mit einigen Abstechern nun seit 4 Jahren in Asunci\u00f3n, machte einige weitere Wohnversuche in Villarica, Caacupe, Encarnaci\u00f3n, Trinidad, Canindeyu und Ciudad und musste feststellen, das ich besser in einer der groesseren Staedte bleibe als Nicht &#8211; Selbstversorger.&nbsp;<\/p>\t\t\t\t\t<\/div>\n\t\t\t\t\t\t<\/div>\n\t\t\t\t<\/div>\n\t\t\t\t\t\t<\/div>\n\t\t\t\t\t<\/div>\n\t\t<\/div>\n\t\t\t\t<div class=\"elementor-column elementor-col-33 elementor-top-column elementor-element elementor-element-d1bfe32\" data-id=\"d1bfe32\" data-element_type=\"column\">\n\t\t\t<div class=\"elementor-column-wrap elementor-element-populated\">\n\t\t\t\t\t\t\t<div class=\"elementor-widget-wrap\">\n\t\t\t\t\t\t<div class=\"elementor-element elementor-element-d399954 elementor-widget elementor-widget-image\" data-id=\"d399954\" data-element_type=\"widget\" data-widget_type=\"image.default\">\n\t\t\t\t<div class=\"elementor-widget-container\">\n\t\t\t\t\t\t\t\t<div class=\"elementor-image\">\n\t\t\t\t\t\t\t\t\t\t\t\t<img width=\"796\" height=\"438\" src=\"http:\/\/cschnell.de\/wp-content\/uploads\/2020\/08\/IMG_2368btxt1.jpg\" class=\"attachment-large size-large no-lazy\" alt=\"\" loading=\"lazy\" srcset=\"http:\/\/cschnell.de\/wp-content\/uploads\/2020\/08\/IMG_2368btxt1.jpg 796w, http:\/\/cschnell.de\/wp-content\/uploads\/2020\/08\/IMG_2368btxt1-300x165.jpg 300w, http:\/\/cschnell.de\/wp-content\/uploads\/2020\/08\/IMG_2368btxt1-768x423.jpg 768w\" sizes=\"(max-width: 796px) 100vw, 796px\" \/>\t\t\t\t\t\t\t\t\t\t\t\t\t\t<\/div>\n\t\t\t\t\t\t<\/div>\n\t\t\t\t<\/div>\n\t\t\t\t<div class=\"elementor-element elementor-element-4ce00a0 elementor-widget elementor-widget-image\" data-id=\"4ce00a0\" data-element_type=\"widget\" data-widget_type=\"image.default\">\n\t\t\t\t<div class=\"elementor-widget-container\">\n\t\t\t\t\t\t\t\t<div class=\"elementor-image\">\n\t\t\t\t\t\t\t\t\t\t\t\t<img width=\"992\" height=\"578\" src=\"http:\/\/cschnell.de\/wp-content\/uploads\/2020\/08\/IMG_0859btxt11a.jpg\" class=\"attachment-large size-large no-lazy\" alt=\"\" loading=\"lazy\" srcset=\"http:\/\/cschnell.de\/wp-content\/uploads\/2020\/08\/IMG_0859btxt11a.jpg 992w, http:\/\/cschnell.de\/wp-content\/uploads\/2020\/08\/IMG_0859btxt11a-300x175.jpg 300w, http:\/\/cschnell.de\/wp-content\/uploads\/2020\/08\/IMG_0859btxt11a-768x447.jpg 768w\" sizes=\"(max-width: 992px) 100vw, 992px\" \/>\t\t\t\t\t\t\t\t\t\t\t\t\t\t<\/div>\n\t\t\t\t\t\t<\/div>\n\t\t\t\t<\/div>\n\t\t\t\t<div class=\"elementor-element elementor-element-1b6f3d0 elementor-widget elementor-widget-image\" data-id=\"1b6f3d0\" data-element_type=\"widget\" data-widget_type=\"image.default\">\n\t\t\t\t<div class=\"elementor-widget-container\">\n\t\t\t\t\t\t\t\t<div class=\"elementor-image\">\n\t\t\t\t\t\t\t\t\t\t\t\t<img width=\"800\" height=\"391\" src=\"http:\/\/cschnell.de\/wp-content\/uploads\/2020\/08\/IMG_9108btxt.jpg\" class=\"attachment-large size-large no-lazy\" alt=\"\" loading=\"lazy\" srcset=\"http:\/\/cschnell.de\/wp-content\/uploads\/2020\/08\/IMG_9108btxt.jpg 800w, http:\/\/cschnell.de\/wp-content\/uploads\/2020\/08\/IMG_9108btxt-300x147.jpg 300w, http:\/\/cschnell.de\/wp-content\/uploads\/2020\/08\/IMG_9108btxt-768x375.jpg 768w\" sizes=\"(max-width: 800px) 100vw, 800px\" \/>\t\t\t\t\t\t\t\t\t\t\t\t\t\t<\/div>\n\t\t\t\t\t\t<\/div>\n\t\t\t\t<\/div>\n\t\t\t\t<div class=\"elementor-element elementor-element-12f3b37 elementor-widget elementor-widget-image\" data-id=\"12f3b37\" data-element_type=\"widget\" data-widget_type=\"image.default\">\n\t\t\t\t<div class=\"elementor-widget-container\">\n\t\t\t\t\t\t\t\t<div class=\"elementor-image\">\n\t\t\t\t\t\t\t\t\t\t\t\t<img width=\"800\" height=\"404\" src=\"http:\/\/cschnell.de\/wp-content\/uploads\/2020\/08\/IMG_9394btxtc.jpg\" class=\"attachment-large size-large no-lazy\" alt=\"\" loading=\"lazy\" srcset=\"http:\/\/cschnell.de\/wp-content\/uploads\/2020\/08\/IMG_9394btxtc.jpg 800w, http:\/\/cschnell.de\/wp-content\/uploads\/2020\/08\/IMG_9394btxtc-300x152.jpg 300w, http:\/\/cschnell.de\/wp-content\/uploads\/2020\/08\/IMG_9394btxtc-768x388.jpg 768w\" sizes=\"(max-width: 800px) 100vw, 800px\" \/>\t\t\t\t\t\t\t\t\t\t\t\t\t\t<\/div>\n\t\t\t\t\t\t<\/div>\n\t\t\t\t<\/div>\n\t\t\t\t<div class=\"elementor-element elementor-element-69b8442 elementor-widget elementor-widget-image\" data-id=\"69b8442\" data-element_type=\"widget\" data-widget_type=\"image.default\">\n\t\t\t\t<div class=\"elementor-widget-container\">\n\t\t\t\t\t\t\t\t<div class=\"elementor-image\">\n\t\t\t\t\t\t\t\t\t\t\t\t<img width=\"800\" height=\"439\" src=\"http:\/\/cschnell.de\/wp-content\/uploads\/2020\/08\/IMG_8125ctxt.jpg\" class=\"attachment-large size-large no-lazy\" alt=\"\" loading=\"lazy\" srcset=\"http:\/\/cschnell.de\/wp-content\/uploads\/2020\/08\/IMG_8125ctxt.jpg 800w, http:\/\/cschnell.de\/wp-content\/uploads\/2020\/08\/IMG_8125ctxt-300x165.jpg 300w, http:\/\/cschnell.de\/wp-content\/uploads\/2020\/08\/IMG_8125ctxt-768x421.jpg 768w\" sizes=\"(max-width: 800px) 100vw, 800px\" \/>\t\t\t\t\t\t\t\t\t\t\t\t\t\t<\/div>\n\t\t\t\t\t\t<\/div>\n\t\t\t\t<\/div>\n\t\t\t\t<div class=\"elementor-element elementor-element-b4fec23 elementor-widget elementor-widget-image\" data-id=\"b4fec23\" data-element_type=\"widget\" data-widget_type=\"image.default\">\n\t\t\t\t<div class=\"elementor-widget-container\">\n\t\t\t\t\t\t\t\t<div class=\"elementor-image\">\n\t\t\t\t\t\t\t\t\t\t\t\t<img width=\"798\" height=\"422\" src=\"http:\/\/cschnell.de\/wp-content\/uploads\/2020\/08\/IMG_0337btxt1.jpg\" class=\"attachment-large size-large no-lazy\" alt=\"\" loading=\"lazy\" srcset=\"http:\/\/cschnell.de\/wp-content\/uploads\/2020\/08\/IMG_0337btxt1.jpg 798w, http:\/\/cschnell.de\/wp-content\/uploads\/2020\/08\/IMG_0337btxt1-300x159.jpg 300w, http:\/\/cschnell.de\/wp-content\/uploads\/2020\/08\/IMG_0337btxt1-768x406.jpg 768w\" sizes=\"(max-width: 798px) 100vw, 798px\" \/>\t\t\t\t\t\t\t\t\t\t\t\t\t\t<\/div>\n\t\t\t\t\t\t<\/div>\n\t\t\t\t<\/div>\n\t\t\t\t\t\t<\/div>\n\t\t\t\t\t<\/div>\n\t\t<\/div>\n\t\t\t\t\t\t\t\t<\/div>\n\t\t\t\t\t<\/div>\n\t\t<\/section>\n\t\t\t\t\t\t\t\t\t<\/div>\n\t\t\t<\/div>\n\t\t\t\t\t<\/div>\n\t\t","protected":false},"excerpt":{"rendered":"<p>Christian Schnell &#8211; Buying Agency&nbsp;&nbsp; Eine Buying Agency wird normalerweise von Import &#8211; Export Firmen eingesetzt um vor Ort Qualit\u00e4ten zu pr\u00fcfen, Konditionen zu verhandeln oder neue Gesch\u00e4ftsfelder zu erschliessen. Ein kommunikativer Job. F\u00fcr mich wurde diese Bezeichnung relevant als ich 2013 in Fortaleza eine&#46;&#46;&#46;<\/p>\n","protected":false},"author":1,"featured_media":0,"parent":0,"menu_order":0,"comment_status":"closed","ping_status":"closed","template":"","meta":{"_monsterinsights_skip_tracking":false,"_monsterinsights_sitenote_active":false,"_monsterinsights_sitenote_note":"","_monsterinsights_sitenote_category":0,"_vp_format_video_url":"","_vp_image_focal_point":[]},"aioseo_notices":[],"_links":{"self":[{"href":"http:\/\/cschnell.de\/index.php?rest_route=\/wp\/v2\/pages\/3251"}],"collection":[{"href":"http:\/\/cschnell.de\/index.php?rest_route=\/wp\/v2\/pages"}],"about":[{"href":"http:\/\/cschnell.de\/index.php?rest_route=\/wp\/v2\/types\/page"}],"author":[{"embeddable":true,"href":"http:\/\/cschnell.de\/index.php?rest_route=\/wp\/v2\/users\/1"}],"replies":[{"embeddable":true,"href":"http:\/\/cschnell.de\/index.php?rest_route=%2Fwp%2Fv2%2Fcomments&post=3251"}],"version-history":[{"count":77,"href":"http:\/\/cschnell.de\/index.php?rest_route=\/wp\/v2\/pages\/3251\/revisions"}],"predecessor-version":[{"id":3541,"href":"http:\/\/cschnell.de\/index.php?rest_route=\/wp\/v2\/pages\/3251\/revisions\/3541"}],"wp:attachment":[{"href":"http:\/\/cschnell.de\/index.php?rest_route=%2Fwp%2Fv2%2Fmedia&parent=3251"}],"curies":[{"name":"wp","href":"https:\/\/api.w.org\/{rel}","templated":true}]}}